{"id":4912,"date":"2026-05-05T09:15:19","date_gmt":"2026-05-05T07:15:19","guid":{"rendered":"https:\/\/www.laescueladeteatro.com\/?page_id=4912"},"modified":"2026-05-08T13:11:22","modified_gmt":"2026-05-08T11:11:22","slug":"requisitos-de-acceso","status":"publish","type":"page","link":"https:\/\/www.laescueladeteatro.com\/eus\/la-escuela\/estudios-profesionales-de-arte-dramatico\/requisitos-de-acceso\/","title":{"rendered":"Requisitos de acceso"},"content":{"rendered":"<div id=\"muestras-talleres\" class=\"et_d4_element et_pb_section et_pb_section_0  et_pb_css_mix_blend_mode et_section_regular et_block_section\" >\n\t\t\t\t\n\t\t\t\t\n\t\t\t\t\n\t\t\t\t\n\t\t\t\t\n\t\t\t\t\n\t\t\t\t<div class=\"et_d4_element et_pb_row et_pb_row_0  et_pb_css_mix_blend_mode et_block_row\">\n\t\t\t\t<div class=\"et_d4_element et_pb_column_4_4 et_pb_column et_pb_column_0  et_pb_css_mix_blend_mode et-last-child et_block_column\">\n\t\t\t\t\n\t\t\t\t\n\t\t\t\t\n\t\t\t\t\n\t\t\t\t<div class=\"et_pb_with_border et_pb_module et_d4_element et_pb_text et_pb_text_0  et_pb_text_align_left et_pb_bg_layout_light\">\n\t\t\t\t\n\t\t\t\t\n\t\t\t\t\n\t\t\t\t\n\t\t\t\t<div class=\"et_pb_text_inner\"><h1><strong><img loading=\"lazy\" decoding=\"async\" class=\"wp-image-63 alignnone size-full\" src=\"https:\/\/www.laescueladeteatro.com\/wp-content\/uploads\/2023\/06\/pincelada-roja.png\" alt=\"\" width=\"40\" height=\"40\" \/>SARTZEKO BALDINTZAK |\u00a0<\/strong><strong>ARTE DRAMATIKOKO IKASKETA PROFESIONALAK<\/strong><\/h1><\/div>\n\t\t\t<\/div>\n\t\t\t<\/div>\n\t\t\t\t\n\t\t\t\t\n\t\t\t\t\n\t\t\t\t\n\t\t\t<\/div><div class=\"et_d4_element et_pb_row et_pb_row_1  et_pb_css_mix_blend_mode et_block_row\">\n\t\t\t\t<div class=\"et_d4_element et_pb_column_1_4 et_pb_column et_pb_column_1  et_pb_css_mix_blend_mode et_block_column\">\n\t\t\t\t\n\t\t\t\t\n\t\t\t\t\n\t\t\t\t\n\t\t\t\t<div class=\"et_pb_module et_d4_element et_pb_image et_pb_image_0\">\n\t\t\t\t\n\t\t\t\t\n\t\t\t\t\n\t\t\t\t\n\t\t\t\t<span class=\"et_pb_image_wrap\"><img loading=\"lazy\" decoding=\"async\" width=\"500\" height=\"333\" src=\"https:\/\/www.laescueladeteatro.com\/wp-content\/uploads\/2025\/05\/Muestra-Taller-Borja-Ruiz.png\" alt=\"Muestra-Taller-Borja-Ruiz\" title=\"Muestra-Taller-Borja-Ruiz\" srcset=\"https:\/\/www.laescueladeteatro.com\/wp-content\/uploads\/2025\/05\/Muestra-Taller-Borja-Ruiz.png 500w, https:\/\/www.laescueladeteatro.com\/wp-content\/uploads\/2025\/05\/Muestra-Taller-Borja-Ruiz-480x320.png 480w\" sizes=\"(min-width: 0px) and (max-width: 480px) 480px, (min-width: 481px) 500px, 100vw\" class=\"wp-image-3728\" \/><\/span>\n\t\t\t<\/div><div class=\"et_pb_button_module_wrapper et_pb_button_0_wrapper et_pb_button_alignment_center et_pb_module\">\n\t\t\t\t<a class=\"et_pb_button et_d4_element et_pb_button_0 et_pb_bg_layout_light et_block_module\" href=\"https:\/\/www.laescueladeteatro.com\/eus\/la-escuela\/estudios-profesionales-de-arte-dramatico\/\">ARTE DRAMATIKOKO IKASKETA PROFESIONALAK<\/a>\n\t\t\t<\/div><div class=\"et_pb_button_module_wrapper et_pb_button_1_wrapper et_pb_button_alignment_center et_pb_module\">\n\t\t\t\t<a class=\"et_pb_button et_d4_element et_pb_button_1 et_pb_bg_layout_light et_block_module\" href=\"https:\/\/www.laescueladeteatro.com\/eus\/la-escuela\/estudios-profesionales-de-arte-dramatico\/plan-de-estudios\/\">IKASKETA-PLANA<\/a>\n\t\t\t<\/div><div class=\"et_pb_button_module_wrapper et_pb_button_2_wrapper et_pb_button_alignment_center et_pb_module\">\n\t\t\t\t<a class=\"et_pb_button et_d4_element et_pb_button_2 et_pb_bg_layout_light et_block_module\" href=\"https:\/\/www.laescueladeteatro.com\/eus\/la-escuela\/estudios-profesionales-de-arte-dramatico\/requisitos-de-acceso\/\">SARTZEKO BALDINTZAK<\/a>\n\t\t\t<\/div><div class=\"et_pb_button_module_wrapper et_pb_button_3_wrapper et_pb_button_alignment_center et_pb_module\">\n\t\t\t\t<a class=\"et_pb_button et_d4_element et_pb_button_3 et_pb_bg_layout_light et_block_module\" href=\"https:\/\/www.laescueladeteatro.com\/eus\/la-escuela\/estudios-profesionales-de-arte-dramatico\/preinscripcion\/\">AURREINSKRIPZIOA<\/a>\n\t\t\t<\/div>\n\t\t\t<\/div><div class=\"et_d4_element et_pb_column_3_4 et_pb_column et_pb_column_2  et_pb_css_mix_blend_mode et-last-child et_block_column\">\n\t\t\t\t\n\t\t\t\t\n\t\t\t\t\n\t\t\t\t\n\t\t\t\t<div class=\"et_pb_module et_d4_element et_pb_text et_pb_text_1  et_pb_text_align_left et_pb_bg_layout_light\">\n\t\t\t\t\n\t\t\t\t\n\t\t\t\t\n\t\t\t\t\n\t\t\t\t<div class=\"et_pb_text_inner\"><p>La ENTNAE propone sus Estudios Profesionales de Arte Dram\u00e1tico a todas aquellas\u00a0personas que desean una preparaci\u00f3n integral, art\u00edstica y human\u00edstica, dentro de un\u00a0Centro de Creaci\u00f3n, Exhibici\u00f3n y Producci\u00f3n con m\u00e1s de 40 a\u00f1os de experiencia.<\/p>\n<h2><strong>SARTZEKO BALDINTZAK<\/strong><\/h2>\n<ul>\n<li>Tener 17 a\u00f1os antes de finalizar 2026.<\/li>\n<li>Superar las pruebas de acceso propuestas.<\/li>\n<\/ul>\n<h2><strong>PREINSCRIPCIONES<\/strong><\/h2>\n<p>Las inscripciones se realizan ON LINE a trav\u00e9s de este <strong><a href=\"https:\/\/www.laescueladeteatro.com\/eus\/la-escuela\/estudios-profesionales-de-arte-dramatico\/preinscripcion\/\">LINK<\/a>.<\/strong><br \/>Agiri hauek aurkeztu behar dira:<\/p>\n<ul>\n<li>Izen-emate fitxa beteta<strong> (<a href=\"https:\/\/www.laescueladeteatro.com\/eus\/download\/ficha-de-inscripcion-curso-2026-2027\/?tmstv=1778073377\">DESC\u00c1RGALA AQU\u00cd<\/a>).<\/strong><\/li>\n<li>Una fotograf\u00eda del busto con fondo oscuro.<\/li>\n<li>NANaren fotokopia.<\/li>\n<li>Motibazio-gutun bat.<\/li>\n<\/ul>\n<h2><strong>PRUEBAS DE ACCESO<\/strong><\/h2>\n<ol>\n<li>Sesiones de trabajo guiadas por el profesorado de la ENTNAE, relacionadas con las distintas \u00e1reas de conocimiento que se imparten en la ENTNAE: Interpretaci\u00f3n, Voz, Cuerpo y Teor\u00eda (no requiere preparaci\u00f3n previa).<\/li>\n<li>Presentaci\u00f3n de una propuesta sobre uno de los mon\u00f3logos planteados (las personas que lo deseen podr\u00e1n presentar, adem\u00e1s, una propuesta personal sobre cualquier otra habilidad art\u00edstica que posea). Los textos se pueden <strong><a href=\"https:\/\/www.laescueladeteatro.com\/eus\/download\/monologos-acceso-2026-2027\/?tmstv=1778138048\">DESCARGAR AQU\u00cd.<\/a><\/strong><\/li>\n<li>Entrevista personal.<\/li>\n<\/ol>\n<p>Se aconseja asistir a las sesiones con ropa c\u00f3moda de trabajo.<\/p><\/div>\n\t\t\t<\/div>\n\t\t\t<\/div>\n\t\t\t\t\n\t\t\t\t\n\t\t\t\t\n\t\t\t\t\n\t\t\t<\/div>\n\t\t\t\t\n\t\t\t\t\n\t\t\t<\/div>","protected":false},"excerpt":{"rendered":"","protected":false},"author":2,"featured_media":1133,"parent":4928,"menu_order":0,"comment_status":"closed","ping_status":"closed","template":"","meta":{"_et_pb_use_builder":"on","_et_pb_old_content":"<!-- wp:divi\/placeholder \/-->","_et_gb_content_width":"","footnotes":""},"class_list":["post-4912","page","type-page","status-publish","has-post-thumbnail","hentry"],"_links":{"self":[{"href":"https:\/\/www.laescueladeteatro.com\/eus\/wp-json\/wp\/v2\/pages\/4912","targetHints":{"allow":["GET"]}}],"collection":[{"href":"https:\/\/www.laescueladeteatro.com\/eus\/wp-json\/wp\/v2\/pages"}],"about":[{"href":"https:\/\/www.laescueladeteatro.com\/eus\/wp-json\/wp\/v2\/types\/page"}],"author":[{"embeddable":true,"href":"https:\/\/www.laescueladeteatro.com\/eus\/wp-json\/wp\/v2\/users\/2"}],"replies":[{"embeddable":true,"href":"https:\/\/www.laescueladeteatro.com\/eus\/wp-json\/wp\/v2\/comments?post=4912"}],"version-history":[{"count":0,"href":"https:\/\/www.laescueladeteatro.com\/eus\/wp-json\/wp\/v2\/pages\/4912\/revisions"}],"up":[{"embeddable":true,"href":"https:\/\/www.laescueladeteatro.com\/eus\/wp-json\/wp\/v2\/pages\/4928"}],"wp:featuredmedia":[{"embeddable":true,"href":"https:\/\/www.laescueladeteatro.com\/eus\/wp-json\/wp\/v2\/media\/1133"}],"wp:attachment":[{"href":"https:\/\/www.laescueladeteatro.com\/eus\/wp-json\/wp\/v2\/media?parent=4912"}],"curies":[{"name":"wp","href":"https:\/\/api.w.org\/{rel}","templated":true}]}}