{"id":4909,"date":"2026-05-05T09:11:56","date_gmt":"2026-05-05T07:11:56","guid":{"rendered":"https:\/\/www.laescueladeteatro.com\/?page_id=4909"},"modified":"2026-05-08T14:27:46","modified_gmt":"2026-05-08T12:27:46","slug":"plan-de-estudios","status":"publish","type":"page","link":"https:\/\/www.laescueladeteatro.com\/eus\/la-escuela\/estudios-profesionales-de-arte-dramatico\/plan-de-estudios\/","title":{"rendered":"Plan de estudios"},"content":{"rendered":"<div class=\"et_d4_element et_pb_section et_pb_section_0  et_pb_css_mix_blend_mode et_section_regular et_block_section\" >\n\t\t\t\t\n\t\t\t\t\n\t\t\t\t\n\t\t\t\t\n\t\t\t\t\n\t\t\t\t\n\t\t\t\t<div class=\"et_d4_element et_pb_row et_pb_row_0  et_pb_css_mix_blend_mode et_block_row\">\n\t\t\t\t<div class=\"et_d4_element et_pb_column_4_4 et_pb_column et_pb_column_0  et_pb_css_mix_blend_mode et-last-child et_block_column\">\n\t\t\t\t\n\t\t\t\t\n\t\t\t\t\n\t\t\t\t\n\t\t\t\t<div class=\"et_pb_with_border et_pb_module et_d4_element et_pb_text et_pb_text_0  et_pb_text_align_left et_pb_bg_layout_light\">\n\t\t\t\t\n\t\t\t\t\n\t\t\t\t\n\t\t\t\t\n\t\t\t\t<div class=\"et_pb_text_inner\"><h1><strong><img loading=\"lazy\" decoding=\"async\" class=\"wp-image-63 alignnone size-full\" src=\"https:\/\/www.laescueladeteatro.com\/wp-content\/uploads\/2023\/06\/pincelada-roja.png\" alt=\"\" width=\"40\" height=\"40\" \/>IKASKETA PLANA | ARTE DRAMATIKOKO IKASKETA PROFESIONALAK<\/strong><\/h1><\/div>\n\t\t\t<\/div>\n\t\t\t<\/div>\n\t\t\t\t\n\t\t\t\t\n\t\t\t\t\n\t\t\t\t\n\t\t\t<\/div><div class=\"et_d4_element et_pb_row et_pb_row_1  et_pb_css_mix_blend_mode et_block_row\">\n\t\t\t\t<div class=\"et_d4_element et_pb_column_1_4 et_pb_column et_pb_column_1  et_pb_css_mix_blend_mode et_block_column\">\n\t\t\t\t\n\t\t\t\t\n\t\t\t\t\n\t\t\t\t\n\t\t\t\t<div class=\"et_pb_module et_d4_element et_pb_image et_pb_image_0\">\n\t\t\t\t\n\t\t\t\t\n\t\t\t\t\n\t\t\t\t\n\t\t\t\t<span class=\"et_pb_image_wrap\"><img loading=\"lazy\" decoding=\"async\" width=\"800\" height=\"533\" src=\"https:\/\/www.laescueladeteatro.com\/wp-content\/uploads\/2024\/04\/El-nino-que-se-escondia-2022.png\" alt=\"Estudios Profesionales de Arte Dram\u00e1tico de ENTNAE\" title=\"ENTNAEren Arte Dramatikoko Ikasketa Profesionalak\" srcset=\"https:\/\/www.laescueladeteatro.com\/wp-content\/uploads\/2024\/04\/El-nino-que-se-escondia-2022.png 800w, https:\/\/www.laescueladeteatro.com\/wp-content\/uploads\/2024\/04\/El-nino-que-se-escondia-2022-480x320.png 480w\" sizes=\"(min-width: 0px) and (max-width: 480px) 480px, (min-width: 481px) 800px, 100vw\" class=\"wp-image-2706\" \/><\/span>\n\t\t\t<\/div><div class=\"et_pb_button_module_wrapper et_pb_button_0_wrapper et_pb_button_alignment_center et_pb_module\">\n\t\t\t\t<a class=\"et_pb_button et_d4_element et_pb_button_0 et_pb_bg_layout_light et_block_module\" href=\"https:\/\/www.laescueladeteatro.com\/eus\/la-escuela\/estudios-profesionales-de-arte-dramatico\/\">ARTE DRAMATIKOKO IKASKETA PROFESIONALAK<\/a>\n\t\t\t<\/div><div class=\"et_pb_button_module_wrapper et_pb_button_1_wrapper et_pb_button_alignment_center et_pb_module\">\n\t\t\t\t<a class=\"et_pb_button et_d4_element et_pb_button_1 et_pb_bg_layout_light et_block_module\" href=\"https:\/\/www.laescueladeteatro.com\/eus\/la-escuela\/estudios-profesionales-de-arte-dramatico\/plan-de-estudios\/\">IKASKETA-PLANA<\/a>\n\t\t\t<\/div><div class=\"et_pb_button_module_wrapper et_pb_button_2_wrapper et_pb_button_alignment_center et_pb_module\">\n\t\t\t\t<a class=\"et_pb_button et_d4_element et_pb_button_2 et_pb_bg_layout_light et_block_module\" href=\"https:\/\/www.laescueladeteatro.com\/eus\/la-escuela\/estudios-profesionales-de-arte-dramatico\/requisitos-de-acceso\/\">SARTZEKO BALDINTZAK<\/a>\n\t\t\t<\/div><div class=\"et_pb_button_module_wrapper et_pb_button_3_wrapper et_pb_button_alignment_center et_pb_module\">\n\t\t\t\t<a class=\"et_pb_button et_d4_element et_pb_button_3 et_pb_bg_layout_light et_block_module\" href=\"https:\/\/www.laescueladeteatro.com\/eus\/la-escuela\/estudios-profesionales-de-arte-dramatico\/preinscripcion\/\">AURREINSKRIPZIOA<\/a>\n\t\t\t<\/div>\n\t\t\t<\/div><div class=\"et_d4_element et_pb_column_3_4 et_pb_column et_pb_column_2  et_pb_css_mix_blend_mode et-last-child et_block_column\">\n\t\t\t\t\n\t\t\t\t\n\t\t\t\t\n\t\t\t\t\n\t\t\t\t<div class=\"et_pb_module et_d4_element et_pb_text et_pb_text_1  et_pb_text_align_left et_pb_bg_layout_light\">\n\t\t\t\t\n\t\t\t\t\n\t\t\t\t\n\t\t\t\t\n\t\t\t\t<div class=\"et_pb_text_inner\"><h2><strong>OBJETIVOS DEL PROGRAMA<\/strong><\/h2>\n<ul>\n<li>Interpretar con t\u00e9cnica, sensibilidad art\u00edstica y conciencia del lenguaje esc\u00e9nico.<\/li>\n<li>Crear propuestas esc\u00e9nicas propias y originales desde la investigaci\u00f3n y la experimentaci\u00f3n.<\/li>\n<li>Pensar cr\u00edticamente la escena mediante el an\u00e1lisis de lenguajes, contextos, po\u00e9ticas y t\u00e9cnicas de representaci\u00f3n.<\/li>\n<li>Sostener procesos profesionales desde su producci\u00f3n, entrenamiento y desarrollo continuo.<\/li>\n<\/ul>\n<h2><strong><\/strong><\/h2>\n<h2><strong>\u00c1REAS DE TRABAJO<\/strong><\/h2>\n<p>El dise\u00f1o del programa, basado en \u00e1reas de conocimiento interrelacionadas, promueve la formaci\u00f3n multidisciplinar del alumnado y crea espacios de entrenamiento compartido entre estudiantes y profesionales.<\/p>\n<ul>\n<li>Cuerpo \u2192 desarrollo de la presencia esc\u00e9nica, conciencia corporal, acci\u00f3n f\u00edsica y composici\u00f3n en el espacio.<\/li>\n<li>Voz \u2192 t\u00e9cnica vocal, respiraci\u00f3n, emisi\u00f3n, resonancia, articulaci\u00f3n, entonaci\u00f3n, palabra esc\u00e9nica.<\/li>\n<li>Interpretaci\u00f3n \u2192 improvisaci\u00f3n, construcci\u00f3n de la acci\u00f3n dram\u00e1tica, conflicto, personaje y situaci\u00f3n esc\u00e9nica.<\/li>\n<li>Pensamiento esc\u00e9nico \u2192 an\u00e1lisis de textos, dramaturgia, teor\u00eda, contexto hist\u00f3rico y reflexi\u00f3n cr\u00edtica.<\/li>\n<li>Creaci\u00f3n \u2192 investigaci\u00f3n art\u00edstica, experimentaci\u00f3n, composici\u00f3n y desarrollo de lenguaje esc\u00e9nico propio.<\/li>\n<\/ul>\n<h2><strong><\/strong><\/h2>\n<h2><strong>ESTRUCTURA EN NIVELES<\/strong><\/h2>\n<p>La formaci\u00f3n se organiza en niveles progresivos adaptados al desarrollo art\u00edstico del alumnado.<\/p><\/div>\n\t\t\t<\/div><div class=\"et_pb_module et_d4_element et_pb_toggle et_pb_toggle_0 et_pb_toggle_item  et_pb_toggle_close\">\n\t\t\t\t\n\t\t\t\t\n\t\t\t\t\n\t\t\t\t\n\t\t\t\t<h4 class=\"et_pb_toggle_title\">Activaci\u00f3n<\/h4>\n\t\t\t\t<div class=\"et_pb_toggle_content clearfix\"><p>Orientado a la apertura de la disponibilidad expresiva y el despertar de la conciencia esc\u00e9nica.<\/p>\n<p><strong>Objetivos de trabajo:<\/strong><\/p>\n<ul>\n<li>Desarrollo de la disponibilidad f\u00edsica y vocal.<\/li>\n<li>Entrenamiento de la escucha, la atenci\u00f3n y el juego esc\u00e9nico.<\/li>\n<li>Introducci\u00f3n a la acci\u00f3n dram\u00e1tica y los mecanismos del conflicto.<\/li>\n<li>Primer acercamiento al trabajo con texto.<\/li>\n<li>Activaci\u00f3n de la creatividad y la capacidad de propuesta.<\/li>\n<\/ul><\/div>\n\t\t\t<\/div><div class=\"et_pb_module et_d4_element et_pb_toggle et_pb_toggle_1 et_pb_toggle_item  et_pb_toggle_close\">\n\t\t\t\t\n\t\t\t\t\n\t\t\t\t\n\t\t\t\t\n\t\t\t\t<h4 class=\"et_pb_toggle_title\">Construcci\u00f3n<\/h4>\n\t\t\t\t<div class=\"et_pb_toggle_content clearfix\"><p>Orientado al desarrollo consciente de los recursos expresivos y de la toma de decisiones art\u00edsticas.<\/p>\n<p><strong>Objetivos de trabajo:<\/strong><\/p>\n<ul>\n<li>Desarrollo de la composici\u00f3n corporal y vocal aplicada a la escena.<\/li>\n<li>Construcci\u00f3n de personaje y profundizaci\u00f3n en la acci\u00f3n dram\u00e1tica.<\/li>\n<li>Trabajo sobre textos, estilos esc\u00e9nicos diversos.<\/li>\n<li>Relaci\u00f3n emoci\u00f3n-composici\u00f3n esc\u00e9nica.<\/li>\n<li>Desarrollo de primeras decisiones art\u00edsticas aut\u00f3nomas.<\/li>\n<\/ul><\/div>\n\t\t\t<\/div><div class=\"et_pb_module et_d4_element et_pb_toggle et_pb_toggle_2 et_pb_toggle_item  et_pb_toggle_close\">\n\t\t\t\t\n\t\t\t\t\n\t\t\t\t\n\t\t\t\t\n\t\t\t\t<h4 class=\"et_pb_toggle_title\">Profesionalizaci\u00f3n<\/h4>\n\t\t\t\t<div class=\"et_pb_toggle_content clearfix\"><p>Orientado a la creaci\u00f3n y producci\u00f3n de espect\u00e1culos profesionales, favoreciendo la autonom\u00eda art\u00edstica y la participaci\u00f3n en numerosos proyectos esc\u00e9nicos.<\/p>\n<p><strong>Objetivos de trabajo:<\/strong><\/p>\n<ul>\n<li>Participaci\u00f3n en procesos de puestas en escena.<\/li>\n<li>Desarrollo de proyectos de creaci\u00f3n esc\u00e9nica colectiva.<\/li>\n<li>Consolidaci\u00f3n de un lenguaje art\u00edstico propio.<\/li>\n<li>Dise\u00f1o y realizaci\u00f3n de un proyecto esc\u00e9nico personal.<\/li>\n<li>Montajes abiertos al p\u00fablico.<\/li>\n<\/ul><\/div>\n\t\t\t<\/div><div class=\"et_pb_module et_d4_element et_pb_text et_pb_text_2  et_pb_text_align_left et_pb_bg_layout_light\">\n\t\t\t\t\n\t\t\t\t\n\t\t\t\t\n\t\t\t\t\n\t\t\t\t<div class=\"et_pb_text_inner\"><h2><strong>METODOLOG\u00cdA<\/strong><\/h2>\n<p>La metodolog\u00eda del programa se fundamenta en un enfoque pr\u00e1ctico, integrado y progresivo, orientado al desarrollo t\u00e9cnico, creativo y profesional.<\/p>\n<p><strong>Principios metodol\u00f3gicos:<\/strong><\/p>\n<ul>\n<li>Aprendizaje pr\u00e1ctico.<\/li>\n<li>Entrenamiento constante.<\/li>\n<li>Integraci\u00f3n de \u00e1reas.<\/li>\n<li>Investigaci\u00f3n y creaci\u00f3n.<\/li>\n<li>Acompa\u00f1amiento individual.<\/li>\n<\/ul>\n<ul><\/ul>\n<h2><strong>CONTINUIDAD Y PROYECCI\u00d3N PROFESIONAL<\/strong><\/h2>\n<p>Desde la ENTNAE apostamos por una formaci\u00f3n permanente de las creadoras y creadores, por lo que al finalizar la formaci\u00f3n de los Estudios Profesionales de Arte Dram\u00e1tico nuestro alumnado tendr\u00e1 acceso a:<\/p>\n<p>&nbsp;<\/p>\n<ul>\n<li>Programa Avanzado de Creaci\u00f3n Esc\u00e9nica Contempor\u00e1nea, como v\u00eda de especializaci\u00f3n y profundizaci\u00f3n art\u00edstica.<\/li>\n<li>Programa de Residencias de Investigaci\u00f3n, Creaci\u00f3n y T\u00e9cnica, orientadas al desarrollo de proyectos y procesos de investigaci\u00f3n esc\u00e9nica.<\/li>\n<li>Posibilidad de participaci\u00f3n profesional en producciones de la ENTNAE.<\/li>\n<\/ul><\/div>\n\t\t\t<\/div>\n\t\t\t<\/div>\n\t\t\t\t\n\t\t\t\t\n\t\t\t\t\n\t\t\t\t\n\t\t\t<\/div>\n\t\t\t\t\n\t\t\t\t\n\t\t\t<\/div>","protected":false},"excerpt":{"rendered":"","protected":false},"author":2,"featured_media":1133,"parent":4928,"menu_order":0,"comment_status":"closed","ping_status":"closed","template":"","meta":{"_et_pb_use_builder":"on","_et_pb_old_content":"<!-- wp:divi\/placeholder \/-->","_et_gb_content_width":"","footnotes":""},"class_list":["post-4909","page","type-page","status-publish","has-post-thumbnail","hentry"],"_links":{"self":[{"href":"https:\/\/www.laescueladeteatro.com\/eus\/wp-json\/wp\/v2\/pages\/4909","targetHints":{"allow":["GET"]}}],"collection":[{"href":"https:\/\/www.laescueladeteatro.com\/eus\/wp-json\/wp\/v2\/pages"}],"about":[{"href":"https:\/\/www.laescueladeteatro.com\/eus\/wp-json\/wp\/v2\/types\/page"}],"author":[{"embeddable":true,"href":"https:\/\/www.laescueladeteatro.com\/eus\/wp-json\/wp\/v2\/users\/2"}],"replies":[{"embeddable":true,"href":"https:\/\/www.laescueladeteatro.com\/eus\/wp-json\/wp\/v2\/comments?post=4909"}],"version-history":[{"count":0,"href":"https:\/\/www.laescueladeteatro.com\/eus\/wp-json\/wp\/v2\/pages\/4909\/revisions"}],"up":[{"embeddable":true,"href":"https:\/\/www.laescueladeteatro.com\/eus\/wp-json\/wp\/v2\/pages\/4928"}],"wp:featuredmedia":[{"embeddable":true,"href":"https:\/\/www.laescueladeteatro.com\/eus\/wp-json\/wp\/v2\/media\/1133"}],"wp:attachment":[{"href":"https:\/\/www.laescueladeteatro.com\/eus\/wp-json\/wp\/v2\/media?parent=4909"}],"curies":[{"name":"wp","href":"https:\/\/api.w.org\/{rel}","templated":true}]}}